{"id":408,"date":"2025-10-15T19:16:44","date_gmt":"2025-10-15T17:16:44","guid":{"rendered":"https:\/\/stay2grow.de\/?page_id=408"},"modified":"2026-04-14T11:08:18","modified_gmt":"2026-04-14T09:08:18","slug":"impressum","status":"publish","type":"page","link":"https:\/\/stay2grow.de\/en\/impressum\/","title":{"rendered":"Imprint"},"content":{"rendered":"<div data-elementor-type=\"wp-page\" data-elementor-id=\"408\" class=\"elementor elementor-408\" data-elementor-post-type=\"page\">\n\t\t\t\t<div class=\"elementor-element elementor-element-d10e34b e-con-full e-flex e-con e-parent\" data-id=\"d10e34b\" data-element_type=\"container\" data-e-type=\"container\" data-settings=\"{&quot;background_background&quot;:&quot;classic&quot;}\">\n\t\t\t\t<\/div>\n\t\t<div class=\"elementor-element elementor-element-3cfc7cb e-flex e-con-boxed e-con e-parent\" data-id=\"3cfc7cb\" data-element_type=\"container\" data-e-type=\"container\">\n\t\t\t\t\t<div class=\"e-con-inner\">\n\t\t<div class=\"elementor-element elementor-element-be52e97 e-con-full e-flex e-con e-child\" data-id=\"be52e97\" data-element_type=\"container\" data-e-type=\"container\">\n\t\t<div class=\"elementor-element elementor-element-62d81ef e-con-full e-flex e-con e-child\" data-id=\"62d81ef\" data-element_type=\"container\" data-e-type=\"container\">\n\t\t\t\t<div class=\"elementor-element elementor-element-3c51815 elementor-widget elementor-widget-heading\" data-id=\"3c51815\" data-element_type=\"widget\" data-e-type=\"widget\" data-widget_type=\"heading.default\">\n\t\t\t\t\t<h4 class=\"elementor-heading-title elementor-size-default\">IMPRINT<\/h4>\t\t\t\t<\/div>\n\t\t\t\t<div class=\"elementor-element elementor-element-a56b417 elementor-widget elementor-widget-text-editor\" data-id=\"a56b417\" data-element_type=\"widget\" data-e-type=\"widget\" data-widget_type=\"text-editor.default\">\n\t\t\t\t\t\t\t\t\t<p><strong>wir4-Agentur f\u00fcr Wirtschafts- und Strukturf\u00f6rderung GmbH\u00a0<\/strong><\/p><p>Genender Platz 1<br \/>47445 Moers<br \/>Telephone 0049-2841-99 99 69 \u2013 0<br \/>Telefax: 0049-2841-99 99 69 &#8211; 69<br \/>E-Mail: info@wir4.net<br \/>Web: www.wir4.net<\/p><p>Managing Director: Beate Tr\u00e4m<br \/>Register court: Kleve local court<br \/>Register number: HRB 18968<br \/>VAT number: DE 119|5700|1221<\/p><p>The Internet team at wir4- Agentur f\u00fcr Wirtschafts- und Strukturf\u00f6rderung GmbH is responsible in terms of press law.<\/p><p><strong>Image credits:<\/strong><\/p><p style=\"font-weight: 400;\">\u201eSTAY2GROW\u201c: \u00a9 HSRW<br \/>\u201eFor companies\u201c: \u00a9 LINEG\/Plaschke<br \/>\u201eFor students\u201c: \u00a9 HSRW_Binh Minh Nguyen<br \/>\u201eProject information\u201c: \u00a9 HSRW<br \/>\u201eProject information: \u00a9 BMWE, Steffen Goldacker, \u00a9 Stadt Kamp-Lintfort, \u00a9 BMWE, Steffen Goldacker<br \/>News-Beitrag &#8222;Auftaktforum&#8220;: \u00a9 Rous, Stadt Kamp-Lintfort<br \/>News-Beitrag &#8222;STAY2GROW&#8220;: \u00a9 HSRW<\/p>\t\t\t\t\t\t\t\t<\/div>\n\t\t\t\t<div class=\"elementor-element elementor-element-89536e4 elementor-widget elementor-widget-heading\" data-id=\"89536e4\" data-element_type=\"widget\" data-e-type=\"widget\" data-widget_type=\"heading.default\">\n\t\t\t\t\t<h4 class=\"elementor-heading-title elementor-size-default\">Disclaimer<\/h4>\t\t\t\t<\/div>\n\t\t\t\t<div class=\"elementor-element elementor-element-2a78646 elementor-widget elementor-widget-text-editor\" data-id=\"2a78646\" data-element_type=\"widget\" data-e-type=\"widget\" data-widget_type=\"text-editor.default\">\n\t\t\t\t\t\t\t\t\t<p>Liability for content<\/p><p>As a service provider, we are responsible for our own content on these pages in accordance with \u00a7 7 para. 1 TMG (German Telemedia Act) and general laws. However, according to \u00a7\u00a7 8 to 10 TMG, we are not obliged as a service provider to monitor transmitted or stored third-party information or to investigate circumstances that indicate illegal activity. Obligations to remove or block the use of information in accordance with general laws remain unaffected by this. However, liability in this regard is only possible from the time we become aware of a specific legal violation. If we become aware of such legal violations, we will remove this content immediately.<\/p><p>Liability for links<\/p><p>Our website contains links to external third-party websites over whose content we have no influence. Therefore, we cannot accept any liability for this external content. The respective provider or operator of the linked pages is always responsible for their content. The linked pages were checked for possible legal violations at the time of linking. No illegal content was found at the time of linking. However, permanent monitoring of the content of the linked pages is not reasonable without concrete evidence of a violation of the law. If we become aware of any infringements, we will remove such links immediately.<\/p><p>Copyright<\/p><p>The content and works on these pages created by the site operators are subject to German copyright law. The reproduction, editing, distribution and any kind of use outside the limits of copyright law require the written consent of the respective author or creator. Downloads and copies of this site are only permitted for private, non-commercial use. Insofar as the content on this site was not created by the operator, the copyrights of third parties are respected. In particular, third-party content is identified as such. Should you nevertheless become aware of a copyright infringement, please inform us accordingly. If we become aware of any infringements, we will remove such content immediately.<\/p>\t\t\t\t\t\t\t\t<\/div>\n\t\t\t\t<\/div>\n\t\t\t\t<\/div>\n\t\t\t\t\t<\/div>\n\t\t\t\t<\/div>\n\t\t\t\t<\/div>","protected":false},"excerpt":{"rendered":"<p>IMPRESSUM wir4-Agentur f\u00fcr Wirtschafts- und Strukturf\u00f6rderung GmbH\u00a0 Genender Platz 147445 MoersTelefon: 0049-2841-99 99 69 &#8211; 0Telefax: 0049-2841-99 99 69 &#8211; 69E-Mail: info@wir4.netInternet: www.wir4.net Gesch\u00e4ftsf\u00fchrerin: Beate Tr\u00e4mRegistergericht: Amtsgericht KleveRegisternummer: HRB 18968Ust-Nr. DE 119|5700|1221 Verantwortlich im Sinne des Presserechts ist das Internetteam der wir4- Agentur f\u00fcr Wirtschafts- und Strukturf\u00f6rderung GmbH Bildnachweise: \u201eSTAY2GROW\u201c: \u00a9 HSRW\u201eF\u00fcr Unternehmen\u201c: \u00a9 LINEG\/Plaschke\u201eF\u00fcr [&hellip;]<\/p>\n","protected":false},"author":1,"featured_media":0,"parent":0,"menu_order":0,"comment_status":"closed","ping_status":"closed","template":"elementor_header_footer","meta":{"footnotes":""},"class_list":["post-408","page","type-page","status-publish","hentry"],"_links":{"self":[{"href":"https:\/\/stay2grow.de\/en\/wp-json\/wp\/v2\/pages\/408","targetHints":{"allow":["GET"]}}],"collection":[{"href":"https:\/\/stay2grow.de\/en\/wp-json\/wp\/v2\/pages"}],"about":[{"href":"https:\/\/stay2grow.de\/en\/wp-json\/wp\/v2\/types\/page"}],"author":[{"embeddable":true,"href":"https:\/\/stay2grow.de\/en\/wp-json\/wp\/v2\/users\/1"}],"replies":[{"embeddable":true,"href":"https:\/\/stay2grow.de\/en\/wp-json\/wp\/v2\/comments?post=408"}],"version-history":[{"count":16,"href":"https:\/\/stay2grow.de\/en\/wp-json\/wp\/v2\/pages\/408\/revisions"}],"predecessor-version":[{"id":903,"href":"https:\/\/stay2grow.de\/en\/wp-json\/wp\/v2\/pages\/408\/revisions\/903"}],"wp:attachment":[{"href":"https:\/\/stay2grow.de\/en\/wp-json\/wp\/v2\/media?parent=408"}],"curies":[{"name":"wp","href":"https:\/\/api.w.org\/{rel}","templated":true}]}}