{"id":13,"date":"2025-10-07T10:35:47","date_gmt":"2025-10-07T08:35:47","guid":{"rendered":"https:\/\/stay2grow.de\/?page_id=13"},"modified":"2026-04-15T11:21:55","modified_gmt":"2026-04-15T09:21:55","slug":"home","status":"publish","type":"page","link":"https:\/\/stay2grow.de\/en\/","title":{"rendered":"Home"},"content":{"rendered":"<div data-elementor-type=\"wp-page\" data-elementor-id=\"13\" class=\"elementor elementor-13\" data-elementor-post-type=\"page\">\n\t\t\t\t<div class=\"elementor-element elementor-element-8e85a88 e-flex e-con-boxed e-con e-parent\" data-id=\"8e85a88\" data-element_type=\"container\" data-e-type=\"container\">\n\t\t\t\t\t<div class=\"e-con-inner\">\n\t\t<div class=\"elementor-element elementor-element-60cdaf6 e-con-full e-flex e-con e-child\" data-id=\"60cdaf6\" data-element_type=\"container\" data-e-type=\"container\" data-settings=\"{&quot;background_background&quot;:&quot;classic&quot;}\">\n\t\t<div class=\"elementor-element elementor-element-653f723 e-con-full e-flex e-con e-child\" data-id=\"653f723\" data-element_type=\"container\" data-e-type=\"container\" data-settings=\"{&quot;background_background&quot;:&quot;classic&quot;}\">\n\t\t\t\t<div class=\"elementor-element elementor-element-47d5803 elementor-widget elementor-widget-spacer\" data-id=\"47d5803\" data-element_type=\"widget\" data-e-type=\"widget\" data-widget_type=\"spacer.default\">\n\t\t\t\t\t\t\t<div class=\"elementor-spacer\">\n\t\t\t<div class=\"elementor-spacer-inner\"><\/div>\n\t\t<\/div>\n\t\t\t\t\t\t<\/div>\n\t\t\t\t<\/div>\n\t\t\t\t<\/div>\n\t\t\t\t\t<\/div>\n\t\t\t\t<\/div>\n\t\t<div class=\"elementor-element elementor-element-5be72aa e-flex e-con-boxed e-con e-parent\" data-id=\"5be72aa\" data-element_type=\"container\" data-e-type=\"container\">\n\t\t\t\t\t<div class=\"e-con-inner\">\n\t\t<div class=\"elementor-element elementor-element-4776511 e-con-full e-flex e-con e-child\" data-id=\"4776511\" data-element_type=\"container\" data-e-type=\"container\" data-settings=\"{&quot;background_background&quot;:&quot;classic&quot;}\">\n\t\t<div class=\"elementor-element elementor-element-12cab21 e-flex e-con-boxed e-con e-child\" data-id=\"12cab21\" data-element_type=\"container\" data-e-type=\"container\">\n\t\t\t\t\t<div class=\"e-con-inner\">\n\t\t<div class=\"elementor-element elementor-element-1efa9e9 e-con-full e-flex e-con e-child\" data-id=\"1efa9e9\" data-element_type=\"container\" data-e-type=\"container\">\n\t\t\t\t<div class=\"elementor-element elementor-element-3c51815 elementor-widget elementor-widget-heading\" data-id=\"3c51815\" data-element_type=\"widget\" data-e-type=\"widget\" data-widget_type=\"heading.default\">\n\t\t\t\t\t<h4 class=\"elementor-heading-title elementor-size-default\">STAY2GROW<\/h4>\t\t\t\t<\/div>\n\t\t\t\t<div class=\"elementor-element elementor-element-1e4e221 ink-underline elementor-widget elementor-widget-heading\" data-id=\"1e4e221\" data-element_type=\"widget\" data-e-type=\"widget\" data-widget_type=\"heading.default\">\n\t\t\t\t\t<h2 class=\"elementor-heading-title elementor-size-default\"><span class=\"ink-underline\">Securing highly qualified professionals for our region<\/h2>\t\t\t\t<\/div>\n\t\t\t\t<div class=\"elementor-element elementor-element-a56b417 elementor-widget elementor-widget-text-editor\" data-id=\"a56b417\" data-element_type=\"widget\" data-e-type=\"widget\" data-widget_type=\"text-editor.default\">\n\t\t\t\t\t\t\t\t\t<p>The shortage of skilled workers is a key challenge for companies in the wir4 region (cities of Kamp-Lintfort, Moers, Neukirchen-Vluyn and Rheinberg) and the district of Wesel. At the same time, the region is a popular place to study, attracting many talented individuals from abroad. At Rhine-Waal University of Applied Sciences, they are trained in a variety of degree programmes. The STAY2GROW funding project aims to encourage these highly qualified people to stay in the region, as until now most of them leave after graduating.<\/p><p>Through cultural, sporting and social activities, as well as accessible counselling and placement opportunities in the regional labour market, STAY2GROW aims to encourage students to choose a future in the wir4 region and ensure that its diverse business landscape gets the skilled workers it needs. Companies will be supported through initiatives that facilitate recruitment and integration of international workers. We are convinced that international students are one key to the future success of the region\u2019s economy.<\/p><p>Within a regional network, we are developing solutions that will benefit companies, students and urban societies. We are always happy to welcome new partners, please get in touch if interested.<\/p><p>STAY2GROW is a project funded by the Federal Ministry for Economic Affairs and Energy, implemented by wir4-Agentur f\u00fcr Wirtschafts- und Strukturf\u00f6rderung GmbH on behalf of the wir4 cities.<\/p><p>Please find further information on the project <span style=\"text-decoration: underline;\"><a href=\"https:\/\/stay2grow.de\/en\/projekt\/\">here.<\/a><\/span><\/p>\t\t\t\t\t\t\t\t<\/div>\n\t\t\t\t<\/div>\n\t\t<div class=\"elementor-element elementor-element-700d56a e-con-full e-flex e-con e-child\" data-id=\"700d56a\" data-element_type=\"container\" data-e-type=\"container\">\n\t\t<div class=\"elementor-element elementor-element-fe65dae e-con-full e-flex e-con e-child\" data-id=\"fe65dae\" data-element_type=\"container\" data-e-type=\"container\" data-settings=\"{&quot;background_background&quot;:&quot;classic&quot;}\">\n\t\t\t\t<div class=\"elementor-element elementor-element-4bb17b8 elementor-widget elementor-widget-heading\" data-id=\"4bb17b8\" data-element_type=\"widget\" data-e-type=\"widget\" data-widget_type=\"heading.default\">\n\t\t\t\t\t<h4 class=\"elementor-heading-title elementor-size-default\">Contact<\/h4>\t\t\t\t<\/div>\n\t\t\t\t<div class=\"elementor-element elementor-element-39d461e elementor-widget elementor-widget-text-editor\" data-id=\"39d461e\" data-element_type=\"widget\" data-e-type=\"widget\" data-widget_type=\"text-editor.default\">\n\t\t\t\t\t\t\t\t\t<p><strong>Josephine Runge<\/strong><br \/>Tel. +49 (0) 2841 999969-13<br \/><a href=\"mailto:josephine.runge@wir4.net\">josephine.runge@wir4.net<\/a><\/p>\t\t\t\t\t\t\t\t<\/div>\n\t\t\t\t<div class=\"elementor-element elementor-element-8483166 elementor-widget elementor-widget-text-editor\" data-id=\"8483166\" data-element_type=\"widget\" data-e-type=\"widget\" data-widget_type=\"text-editor.default\">\n\t\t\t\t\t\t\t\t\t<p><strong>Sarah Bothen<\/strong><br \/>Tel. +49 (0) 2841 999969-15<br \/><a href=\"mailto:j.frischemeier@wir4.net\">s.bothen@wir4.net<\/a><\/p>\t\t\t\t\t\t\t\t<\/div>\n\t\t\t\t<div class=\"elementor-element elementor-element-412da9f elementor-widget elementor-widget-text-editor\" data-id=\"412da9f\" data-element_type=\"widget\" data-e-type=\"widget\" data-widget_type=\"text-editor.default\">\n\t\t\t\t\t\t\t\t\t<p><strong>Eliza Kliuchnyk<\/strong><br \/>Tel. +49 (0) 2841 999969-15<br \/><a href=\"mailto:e.kliuchnyk@wir4.net\">e.kliuchnyk@wir4.net<\/a><\/p>\t\t\t\t\t\t\t\t<\/div>\n\t\t\t\t<div class=\"elementor-element elementor-element-5de3f44 elementor-shape-circle e-grid-align-left elementor-grid-0 elementor-widget elementor-widget-social-icons\" data-id=\"5de3f44\" data-element_type=\"widget\" data-e-type=\"widget\" data-widget_type=\"social-icons.default\">\n\t\t\t\t\t\t\t<div class=\"elementor-social-icons-wrapper elementor-grid\" role=\"list\">\n\t\t\t\t\t\t\t<span class=\"elementor-grid-item\" role=\"listitem\">\n\t\t\t\t\t<a class=\"elementor-icon elementor-social-icon elementor-social-icon-facebook-f elementor-repeater-item-dd538c4\" target=\"_blank\">\n\t\t\t\t\t\t<span class=\"elementor-screen-only\">Facebook-f<\/span>\n\t\t\t\t\t\t<svg aria-hidden=\"true\" class=\"e-font-icon-svg e-fab-facebook-f\" viewbox=\"0 0 320 512\" xmlns=\"http:\/\/www.w3.org\/2000\/svg\"><path d=\"M279.14 288l14.22-92.66h-88.91v-60.13c0-25.35 12.42-50.06 52.24-50.06h40.42V6.26S260.43 0 225.36 0c-73.22 0-121.08 44.38-121.08 124.72v70.62H22.89V288h81.39v224h100.17V288z\"><\/path><\/svg>\t\t\t\t\t<\/a>\n\t\t\t\t<\/span>\n\t\t\t\t\t\t\t<span class=\"elementor-grid-item\" role=\"listitem\">\n\t\t\t\t\t<a class=\"elementor-icon elementor-social-icon elementor-social-icon-instagram elementor-repeater-item-8974bc9\" target=\"_blank\">\n\t\t\t\t\t\t<span class=\"elementor-screen-only\">Instagram<\/span>\n\t\t\t\t\t\t<svg aria-hidden=\"true\" class=\"e-font-icon-svg e-fab-instagram\" viewbox=\"0 0 448 512\" xmlns=\"http:\/\/www.w3.org\/2000\/svg\"><path d=\"M224.1 141c-63.6 0-114.9 51.3-114.9 114.9s51.3 114.9 114.9 114.9S339 319.5 339 255.9 287.7 141 224.1 141zm0 189.6c-41.1 0-74.7-33.5-74.7-74.7s33.5-74.7 74.7-74.7 74.7 33.5 74.7 74.7-33.6 74.7-74.7 74.7zm146.4-194.3c0 14.9-12 26.8-26.8 26.8-14.9 0-26.8-12-26.8-26.8s12-26.8 26.8-26.8 26.8 12 26.8 26.8zm76.1 27.2c-1.7-35.9-9.9-67.7-36.2-93.9-26.2-26.2-58-34.4-93.9-36.2-37-2.1-147.9-2.1-184.9 0-35.8 1.7-67.6 9.9-93.9 36.1s-34.4 58-36.2 93.9c-2.1 37-2.1 147.9 0 184.9 1.7 35.9 9.9 67.7 36.2 93.9s58 34.4 93.9 36.2c37 2.1 147.9 2.1 184.9 0 35.9-1.7 67.7-9.9 93.9-36.2 26.2-26.2 34.4-58 36.2-93.9 2.1-37 2.1-147.8 0-184.8zM398.8 388c-7.8 19.6-22.9 34.7-42.6 42.6-29.5 11.7-99.5 9-132.1 9s-102.7 2.6-132.1-9c-19.6-7.8-34.7-22.9-42.6-42.6-11.7-29.5-9-99.5-9-132.1s-2.6-102.7 9-132.1c7.8-19.6 22.9-34.7 42.6-42.6 29.5-11.7 99.5-9 132.1-9s102.7-2.6 132.1 9c19.6 7.8 34.7 22.9 42.6 42.6 11.7 29.5 9 99.5 9 132.1s2.7 102.7-9 132.1z\"><\/path><\/svg>\t\t\t\t\t<\/a>\n\t\t\t\t<\/span>\n\t\t\t\t\t<\/div>\n\t\t\t\t\t\t<\/div>\n\t\t\t\t<\/div>\n\t\t\t\t<\/div>\n\t\t\t\t\t<\/div>\n\t\t\t\t<\/div>\n\t\t\t\t<\/div>\n\t\t\t\t\t<\/div>\n\t\t\t\t<\/div>\n\t\t<div class=\"elementor-element elementor-element-60e03f1 e-flex e-con-boxed e-con e-parent\" data-id=\"60e03f1\" data-element_type=\"container\" data-e-type=\"container\" data-settings=\"{&quot;background_background&quot;:&quot;classic&quot;}\">\n\t\t\t\t\t<div class=\"e-con-inner\">\n\t\t\t\t<div class=\"elementor-element elementor-element-3dbf086 elementor-grid-tablet-1 elementor-grid-3 elementor-grid-mobile-1 elementor-posts--thumbnail-top elementor-card-shadow-yes elementor-posts__hover-gradient elementor-widget elementor-widget-posts\" data-id=\"3dbf086\" data-element_type=\"widget\" data-e-type=\"widget\" data-settings=\"{&quot;cards_columns_tablet&quot;:&quot;1&quot;,&quot;cards_columns&quot;:&quot;3&quot;,&quot;cards_columns_mobile&quot;:&quot;1&quot;,&quot;cards_row_gap&quot;:{&quot;unit&quot;:&quot;px&quot;,&quot;size&quot;:35,&quot;sizes&quot;:[]},&quot;cards_row_gap_tablet&quot;:{&quot;unit&quot;:&quot;px&quot;,&quot;size&quot;:&quot;&quot;,&quot;sizes&quot;:[]},&quot;cards_row_gap_mobile&quot;:{&quot;unit&quot;:&quot;px&quot;,&quot;size&quot;:&quot;&quot;,&quot;sizes&quot;:[]}}\" data-widget_type=\"posts.cards\">\n\t\t\t\t<div class=\"elementor-widget-container\">\n\t\t\t\t\t\t\t<div class=\"elementor-posts-container elementor-posts elementor-posts--skin-cards elementor-grid\" role=\"list\">\n\t\t\t\t<article class=\"elementor-post elementor-grid-item post-904 post type-post status-publish format-standard has-post-thumbnail hentry category-uncategorized\" role=\"listitem\">\n\t\t\t<div class=\"elementor-post__card\">\n\t\t\t\t<a class=\"elementor-post__thumbnail__link\" href=\"https:\/\/stay2grow.de\/en\/kommunikation-und-information-der-digitale-s2g-hub-2\/\" tabindex=\"-1\" ><div class=\"elementor-post__thumbnail\"><img fetchpriority=\"high\" decoding=\"async\" width=\"2288\" height=\"2560\" src=\"https:\/\/stay2grow.de\/wp-content\/uploads\/2025\/10\/hg-kreise-scaled.webp\" class=\"attachment-full size-full wp-image-134\" alt=\"\" srcset=\"https:\/\/stay2grow.de\/wp-content\/uploads\/2025\/10\/hg-kreise-scaled.webp 2288w, https:\/\/stay2grow.de\/wp-content\/uploads\/2025\/10\/hg-kreise-268x300.webp 268w, https:\/\/stay2grow.de\/wp-content\/uploads\/2025\/10\/hg-kreise-915x1024.webp 915w, https:\/\/stay2grow.de\/wp-content\/uploads\/2025\/10\/hg-kreise-768x859.webp 768w, https:\/\/stay2grow.de\/wp-content\/uploads\/2025\/10\/hg-kreise-1373x1536.webp 1373w, https:\/\/stay2grow.de\/wp-content\/uploads\/2025\/10\/hg-kreise-1830x2048.webp 1830w\" sizes=\"(max-width: 2288px) 100vw, 2288px\" \/><\/div><\/a>\n\t\t\t\t<div class=\"elementor-post__text\">\n\t\t\t\t<h3 class=\"elementor-post__title\">\n\t\t\t<a href=\"https:\/\/stay2grow.de\/en\/kommunikation-und-information-der-digitale-s2g-hub-2\/\" >\n\t\t\t\tSTAY2GROW: Our Initiatives\t\t\t<\/a>\n\t\t<\/h3>\n\t\t\t\t<div class=\"elementor-post__excerpt\">\n\t\t\t<p>Over the past few months, we have been working intensively on concrete ideas and measures aimed at better integrating international students into the region, opening up new opportunities for them, and at the same time sustainably strengthening connections with society, associations, and businesses. We are now pleased to present these for the first time.<\/p>\n\t\t<\/div>\n\t\t\n\t\t<a class=\"elementor-post__read-more\" href=\"https:\/\/stay2grow.de\/en\/kommunikation-und-information-der-digitale-s2g-hub-2\/\" aria-label=\"Read more about Jetzt ganz konkret: Unsere Ma\u00dfnahmen im Projekt STAY2GROW\" tabindex=\"-1\" >\n\t\t\tRead more \u00bb\t\t<\/a>\n\n\t\t\t\t<\/div>\n\t\t\t\t<div class=\"elementor-post__meta-data\">\n\t\t\t\t\t<span class=\"elementor-post-date\">\n\t\t\t15. April 2026\t\t<\/span>\n\t\t\t\t<\/div>\n\t\t\t\t\t<\/div>\n\t\t<\/article>\n\t\t\t\t<article class=\"elementor-post elementor-grid-item post-897 post type-post status-publish format-standard has-post-thumbnail hentry category-uncategorized\" role=\"listitem\">\n\t\t\t<div class=\"elementor-post__card\">\n\t\t\t\t<a class=\"elementor-post__thumbnail__link\" href=\"https:\/\/stay2grow.de\/en\/kommunikation-und-information-der-digitale-s2g-hub\/\" tabindex=\"-1\" ><div class=\"elementor-post__thumbnail\"><img decoding=\"async\" width=\"2560\" height=\"1920\" src=\"https:\/\/stay2grow.de\/wp-content\/uploads\/2026\/03\/STAY2GROW-HUB-scaled.jpg\" class=\"attachment-full size-full wp-image-898\" alt=\"\" srcset=\"https:\/\/stay2grow.de\/wp-content\/uploads\/2026\/03\/STAY2GROW-HUB-scaled.jpg 2560w, https:\/\/stay2grow.de\/wp-content\/uploads\/2026\/03\/STAY2GROW-HUB-300x225.jpg 300w, https:\/\/stay2grow.de\/wp-content\/uploads\/2026\/03\/STAY2GROW-HUB-1024x768.jpg 1024w, https:\/\/stay2grow.de\/wp-content\/uploads\/2026\/03\/STAY2GROW-HUB-768x576.jpg 768w, https:\/\/stay2grow.de\/wp-content\/uploads\/2026\/03\/STAY2GROW-HUB-1536x1152.jpg 1536w, https:\/\/stay2grow.de\/wp-content\/uploads\/2026\/03\/STAY2GROW-HUB-2048x1536.jpg 2048w, https:\/\/stay2grow.de\/wp-content\/uploads\/2026\/03\/STAY2GROW-HUB-16x12.jpg 16w\" sizes=\"(max-width: 2560px) 100vw, 2560px\" \/><\/div><\/a>\n\t\t\t\t<div class=\"elementor-post__text\">\n\t\t\t\t<h3 class=\"elementor-post__title\">\n\t\t\t<a href=\"https:\/\/stay2grow.de\/en\/kommunikation-und-information-der-digitale-s2g-hub\/\" >\n\t\t\t\tCommunication and information - digital STAY2GROW hub\t\t\t<\/a>\n\t\t<\/h3>\n\t\t\t\t<div class=\"elementor-post__excerpt\">\n\t\t\t<p>International students do need a central platform providing all the essentials at a glance: relevant information about culture, sport associations and events in the wir4-region.<\/p>\n\t\t<\/div>\n\t\t\n\t\t<a class=\"elementor-post__read-more\" href=\"https:\/\/stay2grow.de\/en\/kommunikation-und-information-der-digitale-s2g-hub\/\" aria-label=\"Read more about Kommunikation und Information \u2013 der digitale S2G Hub\" tabindex=\"-1\" >\n\t\t\tRead more \u00bb\t\t<\/a>\n\n\t\t\t\t<\/div>\n\t\t\t\t<div class=\"elementor-post__meta-data\">\n\t\t\t\t\t<span class=\"elementor-post-date\">\n\t\t\t30. March 2026\t\t<\/span>\n\t\t\t\t<\/div>\n\t\t\t\t\t<\/div>\n\t\t<\/article>\n\t\t\t\t<article class=\"elementor-post elementor-grid-item post-890 post type-post status-publish format-standard has-post-thumbnail hentry category-uncategorized\" role=\"listitem\">\n\t\t\t<div class=\"elementor-post__card\">\n\t\t\t\t<a class=\"elementor-post__thumbnail__link\" href=\"https:\/\/stay2grow.de\/en\/die-sicht-der-studierenden-ergebnisse-aus-dem-ip-projekt\/\" tabindex=\"-1\" ><div class=\"elementor-post__thumbnail\"><img decoding=\"async\" width=\"2560\" height=\"1707\" src=\"https:\/\/stay2grow.de\/wp-content\/uploads\/2026\/03\/Stay2Grow9-scaled.jpg\" class=\"attachment-full size-full wp-image-891\" alt=\"\" srcset=\"https:\/\/stay2grow.de\/wp-content\/uploads\/2026\/03\/Stay2Grow9-scaled.jpg 2560w, https:\/\/stay2grow.de\/wp-content\/uploads\/2026\/03\/Stay2Grow9-300x200.jpg 300w, https:\/\/stay2grow.de\/wp-content\/uploads\/2026\/03\/Stay2Grow9-1024x683.jpg 1024w, https:\/\/stay2grow.de\/wp-content\/uploads\/2026\/03\/Stay2Grow9-768x512.jpg 768w, https:\/\/stay2grow.de\/wp-content\/uploads\/2026\/03\/Stay2Grow9-1536x1024.jpg 1536w, https:\/\/stay2grow.de\/wp-content\/uploads\/2026\/03\/Stay2Grow9-2048x1365.jpg 2048w, https:\/\/stay2grow.de\/wp-content\/uploads\/2026\/03\/Stay2Grow9-18x12.jpg 18w\" sizes=\"(max-width: 2560px) 100vw, 2560px\" \/><\/div><\/a>\n\t\t\t\t<div class=\"elementor-post__text\">\n\t\t\t\t<h3 class=\"elementor-post__title\">\n\t\t\t<a href=\"https:\/\/stay2grow.de\/en\/die-sicht-der-studierenden-ergebnisse-aus-dem-ip-projekt\/\" >\n\t\t\t\tThe student perspective \u2013 results from the IP project\t\t\t<\/a>\n\t\t<\/h3>\n\t\t\t\t<div class=\"elementor-post__excerpt\">\n\t\t\t<p>As part of an Interdisciplinary Project (IP), students from different semesters and study programs came together in three project groups to explore where exactly barriers and challenges exist in everyday professional and private life, and how these can be removed or how students can be supported in overcoming them.<\/p>\n\t\t<\/div>\n\t\t\n\t\t<a class=\"elementor-post__read-more\" href=\"https:\/\/stay2grow.de\/en\/die-sicht-der-studierenden-ergebnisse-aus-dem-ip-projekt\/\" aria-label=\"Read more about Die Sicht der Studierenden \u2013 Ergebnisse aus dem IP-Projekt\" tabindex=\"-1\" >\n\t\t\tRead more \u00bb\t\t<\/a>\n\n\t\t\t\t<\/div>\n\t\t\t\t<div class=\"elementor-post__meta-data\">\n\t\t\t\t\t<span class=\"elementor-post-date\">\n\t\t\t26. March 2026\t\t<\/span>\n\t\t\t\t<\/div>\n\t\t\t\t\t<\/div>\n\t\t<\/article>\n\t\t\t\t<article class=\"elementor-post elementor-grid-item post-872 post type-post status-publish format-standard has-post-thumbnail hentry category-uncategorized\" role=\"listitem\">\n\t\t\t<div class=\"elementor-post__card\">\n\t\t\t\t<a class=\"elementor-post__thumbnail__link\" href=\"https:\/\/stay2grow.de\/en\/stay2grow-auf-der-regionalpolitischen-jahrestagung-2026\/\" tabindex=\"-1\" ><div class=\"elementor-post__thumbnail\"><img loading=\"lazy\" decoding=\"async\" width=\"2506\" height=\"1531\" src=\"https:\/\/stay2grow.de\/wp-content\/uploads\/2026\/03\/Hallo_Beitragsbild.jpeg\" class=\"attachment-full size-full wp-image-885\" alt=\"\" srcset=\"https:\/\/stay2grow.de\/wp-content\/uploads\/2026\/03\/Hallo_Beitragsbild.jpeg 2506w, https:\/\/stay2grow.de\/wp-content\/uploads\/2026\/03\/Hallo_Beitragsbild-300x183.jpeg 300w, https:\/\/stay2grow.de\/wp-content\/uploads\/2026\/03\/Hallo_Beitragsbild-1024x626.jpeg 1024w, https:\/\/stay2grow.de\/wp-content\/uploads\/2026\/03\/Hallo_Beitragsbild-768x469.jpeg 768w, https:\/\/stay2grow.de\/wp-content\/uploads\/2026\/03\/Hallo_Beitragsbild-1536x938.jpeg 1536w, https:\/\/stay2grow.de\/wp-content\/uploads\/2026\/03\/Hallo_Beitragsbild-2048x1251.jpeg 2048w, https:\/\/stay2grow.de\/wp-content\/uploads\/2026\/03\/Hallo_Beitragsbild-18x12.jpeg 18w\" sizes=\"(max-width: 2506px) 100vw, 2506px\" \/><\/div><\/a>\n\t\t\t\t<div class=\"elementor-post__text\">\n\t\t\t\t<h3 class=\"elementor-post__title\">\n\t\t\t<a href=\"https:\/\/stay2grow.de\/en\/stay2grow-auf-der-regionalpolitischen-jahrestagung-2026\/\" >\n\t\t\t\tSTAY2GROW at the 2026 Regional Policy Annual Conference\t\t\t<\/a>\n\t\t<\/h3>\n\t\t\t\t<div class=\"elementor-post__excerpt\">\n\t\t\t<p>As part of the federal competition \u201cZukunft Region,\u201d we were present on behalf of the STAY2GROW project and presented the initiative at our own information stand.<\/p>\n\t\t<\/div>\n\t\t\n\t\t<a class=\"elementor-post__read-more\" href=\"https:\/\/stay2grow.de\/en\/stay2grow-auf-der-regionalpolitischen-jahrestagung-2026\/\" aria-label=\"Read more about STAY2GROW auf der Regionalpolitischen Jahrestagung 2026\" tabindex=\"-1\" >\n\t\t\tRead more \u00bb\t\t<\/a>\n\n\t\t\t\t<\/div>\n\t\t\t\t<div class=\"elementor-post__meta-data\">\n\t\t\t\t\t<span class=\"elementor-post-date\">\n\t\t\t26. March 2026\t\t<\/span>\n\t\t\t\t<\/div>\n\t\t\t\t\t<\/div>\n\t\t<\/article>\n\t\t\t\t<article class=\"elementor-post elementor-grid-item post-887 post type-post status-publish format-standard has-post-thumbnail hentry category-uncategorized\" role=\"listitem\">\n\t\t\t<div class=\"elementor-post__card\">\n\t\t\t\t<a class=\"elementor-post__thumbnail__link\" href=\"https:\/\/stay2grow.de\/en\/stay2grow-im-forum-zusammen-leben-vor-ort-in-kamp-lintfort\/\" tabindex=\"-1\" ><div class=\"elementor-post__thumbnail\"><img loading=\"lazy\" decoding=\"async\" width=\"640\" height=\"481\" src=\"https:\/\/stay2grow.de\/wp-content\/uploads\/2026\/03\/Sozialforum-Kamp-Lintfort3.jpg\" class=\"attachment-full size-full wp-image-888\" alt=\"\" srcset=\"https:\/\/stay2grow.de\/wp-content\/uploads\/2026\/03\/Sozialforum-Kamp-Lintfort3.jpg 640w, https:\/\/stay2grow.de\/wp-content\/uploads\/2026\/03\/Sozialforum-Kamp-Lintfort3-300x225.jpg 300w, https:\/\/stay2grow.de\/wp-content\/uploads\/2026\/03\/Sozialforum-Kamp-Lintfort3-16x12.jpg 16w\" sizes=\"(max-width: 640px) 100vw, 640px\" \/><\/div><\/a>\n\t\t\t\t<div class=\"elementor-post__text\">\n\t\t\t\t<h3 class=\"elementor-post__title\">\n\t\t\t<a href=\"https:\/\/stay2grow.de\/en\/stay2grow-im-forum-zusammen-leben-vor-ort-in-kamp-lintfort\/\" >\n\t\t\t\tSTAY2GROW at the forum \u201cZusammen - Leben vor Ort\u201d in Kamp-Lintfort\t\t\t<\/a>\n\t\t<\/h3>\n\t\t\t\t<div class=\"elementor-post__excerpt\">\n\t\t\t<p>To raise awareness of our STAY2GROW project in the municipalities, Josephine Runge was among the guests at the forum \u201cZusammen - Leben in Kamp-Lintfort\u201d where she presented STAY2GROW.<\/p>\n\t\t<\/div>\n\t\t\n\t\t<a class=\"elementor-post__read-more\" href=\"https:\/\/stay2grow.de\/en\/stay2grow-im-forum-zusammen-leben-vor-ort-in-kamp-lintfort\/\" aria-label=\"Read more about STAY2GROW im Forum \u201eZusammen \u2013 Leben vor Ort\u201c in Kamp-Lintfort\" tabindex=\"-1\" >\n\t\t\tRead more \u00bb\t\t<\/a>\n\n\t\t\t\t<\/div>\n\t\t\t\t<div class=\"elementor-post__meta-data\">\n\t\t\t\t\t<span class=\"elementor-post-date\">\n\t\t\t26. March 2026\t\t<\/span>\n\t\t\t\t<\/div>\n\t\t\t\t\t<\/div>\n\t\t<\/article>\n\t\t\t\t<article class=\"elementor-post elementor-grid-item post-876 post type-post status-publish format-standard has-post-thumbnail hentry category-uncategorized\" role=\"listitem\">\n\t\t\t<div class=\"elementor-post__card\">\n\t\t\t\t<a class=\"elementor-post__thumbnail__link\" href=\"https:\/\/stay2grow.de\/en\/stay2grow-stellt-sich-in-chemnitz-vor\/\" tabindex=\"-1\" ><div class=\"elementor-post__thumbnail\"><img loading=\"lazy\" decoding=\"async\" width=\"2560\" height=\"1148\" src=\"https:\/\/stay2grow.de\/wp-content\/uploads\/2026\/03\/image00088-2-scaled.jpeg\" class=\"attachment-full size-full wp-image-880\" alt=\"\" srcset=\"https:\/\/stay2grow.de\/wp-content\/uploads\/2026\/03\/image00088-2-scaled.jpeg 2560w, https:\/\/stay2grow.de\/wp-content\/uploads\/2026\/03\/image00088-2-300x135.jpeg 300w, https:\/\/stay2grow.de\/wp-content\/uploads\/2026\/03\/image00088-2-1024x459.jpeg 1024w, https:\/\/stay2grow.de\/wp-content\/uploads\/2026\/03\/image00088-2-768x344.jpeg 768w, https:\/\/stay2grow.de\/wp-content\/uploads\/2026\/03\/image00088-2-1536x689.jpeg 1536w, https:\/\/stay2grow.de\/wp-content\/uploads\/2026\/03\/image00088-2-2048x919.jpeg 2048w, https:\/\/stay2grow.de\/wp-content\/uploads\/2026\/03\/image00088-2-18x8.jpeg 18w\" sizes=\"(max-width: 2560px) 100vw, 2560px\" \/><\/div><\/a>\n\t\t\t\t<div class=\"elementor-post__text\">\n\t\t\t\t<h3 class=\"elementor-post__title\">\n\t\t\t<a href=\"https:\/\/stay2grow.de\/en\/stay2grow-stellt-sich-in-chemnitz-vor\/\" >\n\t\t\t\tSTAY2GROW on display in Chemnitz\t\t\t<\/a>\n\t\t<\/h3>\n\t\t\t\t<div class=\"elementor-post__excerpt\">\n\t\t\t<p>On November 20, 2025, the 3rd Annual Regional Policy Conference of the Federal Ministry for Economic Affairs and Energy took place in Chemnitz, where STAY2GROW also presented itself.<\/p>\n\t\t<\/div>\n\t\t\n\t\t<a class=\"elementor-post__read-more\" href=\"https:\/\/stay2grow.de\/en\/stay2grow-stellt-sich-in-chemnitz-vor\/\" aria-label=\"Read more about STAY2GROW stellt sich in Chemnitz vor\" tabindex=\"-1\" >\n\t\t\tRead more \u00bb\t\t<\/a>\n\n\t\t\t\t<\/div>\n\t\t\t\t<div class=\"elementor-post__meta-data\">\n\t\t\t\t\t<span class=\"elementor-post-date\">\n\t\t\t26. March 2026\t\t<\/span>\n\t\t\t\t<\/div>\n\t\t\t\t\t<\/div>\n\t\t<\/article>\n\t\t\t\t<\/div>\n\t\t\n\t\t\t\t\t\t<\/div>\n\t\t\t\t<\/div>\n\t\t\t\t\t<\/div>\n\t\t\t\t<\/div>\n\t\t\t\t<\/div>","protected":false},"excerpt":{"rendered":"<p>STAY2GROW Fachkr\u00e4fte&shy;sicherung f\u00fcr unsere Region Der Mangel an Fachkr\u00e4ften ist eine zentrale Herausforderung f\u00fcr die Unternehmen in der wir4-Region und dem Kreis Wesel. Gleichzeitig ist die Region ein attraktiver Studienstandort, der viele internationale Talente anzieht. An der Hochschule Rhein-Waal werden sie in zukunftsweisenden Studieng\u00e4ngen ausgebildet. Diese hochqualifizierten Fachkr\u00e4fte in der Region zu halten ist das [&hellip;]<\/p>\n","protected":false},"author":1,"featured_media":384,"parent":0,"menu_order":0,"comment_status":"closed","ping_status":"closed","template":"elementor_header_footer","meta":{"footnotes":""},"class_list":["post-13","page","type-page","status-publish","has-post-thumbnail","hentry"],"_links":{"self":[{"href":"https:\/\/stay2grow.de\/en\/wp-json\/wp\/v2\/pages\/13","targetHints":{"allow":["GET"]}}],"collection":[{"href":"https:\/\/stay2grow.de\/en\/wp-json\/wp\/v2\/pages"}],"about":[{"href":"https:\/\/stay2grow.de\/en\/wp-json\/wp\/v2\/types\/page"}],"author":[{"embeddable":true,"href":"https:\/\/stay2grow.de\/en\/wp-json\/wp\/v2\/users\/1"}],"replies":[{"embeddable":true,"href":"https:\/\/stay2grow.de\/en\/wp-json\/wp\/v2\/comments?post=13"}],"version-history":[{"count":22,"href":"https:\/\/stay2grow.de\/en\/wp-json\/wp\/v2\/pages\/13\/revisions"}],"predecessor-version":[{"id":860,"href":"https:\/\/stay2grow.de\/en\/wp-json\/wp\/v2\/pages\/13\/revisions\/860"}],"wp:featuredmedia":[{"embeddable":true,"href":"https:\/\/stay2grow.de\/en\/wp-json\/wp\/v2\/media\/384"}],"wp:attachment":[{"href":"https:\/\/stay2grow.de\/en\/wp-json\/wp\/v2\/media?parent=13"}],"curies":[{"name":"wp","href":"https:\/\/api.w.org\/{rel}","templated":true}]}}